{"id":1799,"date":"2017-06-12T15:34:25","date_gmt":"2017-06-12T08:34:25","guid":{"rendered":"https:\/\/ymeet.me\/blog\/?page_id=1799"},"modified":"2018-12-10T15:43:51","modified_gmt":"2018-12-10T08:43:51","slug":"ymeetme-la-gi-cau-chuyen-ve-1-ung-dung-hen-ho","status":"publish","type":"page","link":"https:\/\/ymeet.me\/blog\/ymeetme-la-gi-cau-chuyen-ve-1-ung-dung-hen-ho\/","title":{"rendered":"YmeetMe l\u00e0 g\u00ec &#8211; C\u00e2u chuy\u1ec7n c\u00f3 th\u1ef1c v\u1ec1 \u1ee9ng d\u1ee5ng h\u1eb9n h\u00f2 hi\u1ec7u qu\u1ea3, nghi\u00eam t\u00fac!"},"content":{"rendered":"<p><img decoding=\"async\" loading=\"lazy\" class=\"alignnone size-full wp-image-29 aligncenter\" src=\"https:\/\/ymeet.me\/blog\/wp-content\/uploads\/2016\/12\/cropped-icon-180.png\" alt=\"\" width=\"250\" height=\"250\" srcset=\"https:\/\/ymeet.me\/blog\/wp-content\/uploads\/2016\/12\/cropped-icon-180.png 250w, https:\/\/ymeet.me\/blog\/wp-content\/uploads\/2016\/12\/cropped-icon-180-150x150.png 150w, https:\/\/ymeet.me\/blog\/wp-content\/uploads\/2016\/12\/cropped-icon-180-100x100.png 100w\" sizes=\"(max-width: 250px) 100vw, 250px\" \/><\/p>\n<p><em>H\u00e0 N\u1ed9i, ng\u00e0y 11 th\u00e1ng 11<\/em><\/p>\n<p>N\u1ebfu b\u1ea1n \u0111ang \u0111\u1ecdc nh\u1eefng d\u00f2ng t\u00e2m s\u1ef1 n\u00e0y th\u00ec ch\u1eafc h\u1eb3n c\u00e2u chuy\u1ec7n m\u00e0 t\u00f4i k\u1ec3 sau \u0111\u00e2y s\u1ebd khi\u1ebfn b\u1ea1n l\u01b0u t\u00e2m. V\u00ec \u0111\u01a1n gi\u1ea3n \u0111\u00e2y l\u00e0 m\u1ed9t c\u00e2u chuy\u1ec7n c\u00f3 th\u1eadt v\u00e0 l\u00e0 kh\u1edfi ngu\u1ed3n cho th\u1ee9 m\u00e0 b\u1ea1n \u0111ang s\u1eed d\u1ee5ng.<\/p>\n<p>T\u00f4i l\u00e0 m\u1ed9t ng\u01b0\u1eddi Nh\u1eadt, \u0111\u00e3 sinh s\u1ed1ng v\u00e0 l\u00e0m vi\u1ec7c \u1edf Vi\u1ec7t Nam \u0111\u01b0\u1ee3c hai n\u0103m. Cu\u1ed9c s\u1ed1ng \u1edf Vi\u1ec7t Nam kh\u00e1 t\u1ed1t. T\u00f4i c\u00f3 nhi\u1ec1u b\u1ea1n b\u00e8 \u1edf \u0111\u00e2y, v\u00e0 \u0111\u1eb7c bi\u1ec7t r\u1ea5t th\u00e2n thi\u1ebft v\u1edbi m\u1ed9t c\u00f4 b\u1ea1n.<\/p>\n<p>M\u1ed9t ng\u00e0y \u0111\u00f4ng H\u00e0 N\u1ed9i, c\u00f4 \u1ea5y b\u1ea5t ng\u1edd g\u1ecdi cho t\u00f4i v\u00e0 b\u1eadt kh\u00f3c: \u201cEm kh\u00f4ng tin v\u00e0o \u0111\u00e0n \u00f4ng n\u1eefa. Em m\u1ec7t m\u1ecfi qu\u00e1 r\u1ed3i!\u201d. C\u00f4 \u1ea5y v\u1eeba n\u00f3i v\u1eeba kh\u00f3c, nh\u01b0ng qua c\u00e1ch c\u00f4 \u1ea5y n\u00f3i, t\u00f4i hi\u1ec3u c\u00f4 \u1ea5y v\u1eeba chia tay ng\u01b0\u1eddi y\u00eau v\u00ec ph\u00e1t hi\u1ec7n ra anh ta kh\u00f4ng h\u1ec1 chung thu\u1ef7. Nh\u1eefng kh\u00f3 kh\u0103n trong chuy\u1ec7n t\u00ecnh c\u1ea3m, \u00e1p l\u1ef1c t\u1eeb gia \u0111\u00ecnh khi\u1ebfn c\u00f4 \u1ea5y v\u00f4 c\u00f9ng m\u1ec7t m\u1ecfi v\u00e0 ch\u00e1n ch\u01b0\u1eddng.<\/p>\n<p>M\u1ed9t th\u1eddi gian sau, t\u00f4i c\u00f3 g\u1ee3i \u00fd c\u00f4 \u1ea5y h\u00e3y th\u1eed s\u1eed d\u1ee5ng m\u1ed9t d\u1ecbch v\u1ee5 h\u1eb9n h\u00f2 tr\u1ef1c tuy\u1ebfn n\u00e0o \u0111\u00f3. V\u00ec \u1edf Nh\u1eadt, nh\u1eefng ng\u01b0\u1eddi nh\u01b0 c\u00f4 r\u1ea5t nhi\u1ec1u v\u00e0 h\u1ecd th\u01b0\u1eddng t\u00ecm \u0111\u1ebfn c\u00e1c d\u1ecbch v\u1ee5 h\u1eb9n h\u00f2 tr\u1ef1c tuy\u1ebfn \u0111\u1ec3 t\u00ecm ki\u1ebfm t\u00ecnh y\u00eau th\u1ef1c s\u1ef1 cho b\u1ea3n th\u00e2n. Tuy nhi\u00ean, c\u00e2u tr\u1ea3 l\u1eddi c\u1ee7a c\u00f4 khi\u1ebfn t\u00f4i suy ngh\u0129 m\u00e3i: \u201cEm s\u1ee3 l\u1eafm, \u1edf Vi\u1ec7t Nam kh\u00f4ng gi\u1ed1ng \u1edf Nh\u1eadt \u0111\u00e2u. Em c\u00f3 c\u1ea3m gi\u00e1c kh\u00f4ng an to\u00e0n v\u00ec \u1edf \u0111\u00e2y d\u1ecbch v\u1ee5 nh\u01b0 th\u1ebf kh\u00f4ng ph\u1ed5 bi\u1ebfn, v\u00e0 em c\u0169ng ch\u1eb3ng bi\u1ebft nhi\u1ec1u th\u00f4ng tin\u201d.<\/p>\n<p>L\u00e0m vi\u1ec7c \u1edf Vi\u1ec7t Nam, t\u00f4i nh\u1eadn ra r\u1eb1ng nh\u1eefng ng\u01b0\u1eddi nh\u01b0 c\u00f4 b\u1ea1n c\u1ee7a t\u00f4i kh\u00f4ng h\u1ec1 \u00edt v\u00e0 vi\u1ec7c nhi\u1ec1u ng\u01b0\u1eddi kh\u00f4ng h\u1ec1 tin t\u01b0\u1edfng v\u00e0o d\u1ecbch v\u1ee5 h\u1eb9n h\u00f2 tr\u1ef1c tuy\u1ebfn l\u00e0 kh\u00e1 ph\u1ed5 bi\u1ebfn. \u00dd t\u01b0\u1edfng v\u1ec1 m\u1ed9t n\u01a1i m\u00e0 qua \u0111\u00f3 ph\u1ee5 n\u1eef c\u00f3 th\u1ec3 tin t\u01b0\u1edfng v\u00e0 c\u1ea3m th\u1ea5y th\u1ef1c s\u1ef1 an to\u00e0n \u0111\u1ec3 t\u00ecm \u0111\u01b0\u1ee3c \u0111\u00fang m\u1ed9t n\u1eeda c\u1ee7a \u0111\u1eddi m\u00ecnh nhen nh\u00f3m d\u1ea7n.<\/p>\n<p>V\u00e0 Ymeetme &#8211; <a href=\"https:\/\/ymeet.me\/\">h\u1eb9n h\u00f2<\/a>\u00a0hi\u1ec7u qu\u1ea3 v\u00e0 nghi\u00eam t\u00fac\u00a0\u0111\u01b0\u1ee3c ra \u0111\u1eddi nh\u01b0 th\u1ebf!<\/p>\n<h3><strong>Ymeet.me \u0111em \u0111\u1ebfn cho b\u1ea1n:<\/strong><\/h3>\n<p><em><strong>S\u1ef1 tin c\u1eady &amp; an to\u00e0n:<\/strong><\/em><\/p>\n<p>Ymeet.me \u0111\u00f2i h\u1ecfi ng\u01b0\u1eddi d\u00f9ng ph\u1ea3i \u0111\u0103ng k\u00fd b\u1eb1ng t\u00e0i kho\u1ea3n Facebook c\u1ee7a h\u1ecd, v\u00e0 ch\u1ec9 ng\u01b0\u1eddi d\u00f9ng v\u1edbi t\u00ecnh tr\u1ea1ng &#8220;\u0111\u1ed9c th\u00e2n&#8221; m\u1edbi c\u00f3 th\u1ec3 tham gia. Vi\u1ec7c x\u00e1c th\u1ef1c th\u00e0nh vi\u00ean nh\u01b0 x\u00e1c minh \u0111\u1ed9 tu\u1ed5i, t\u00ecnh tr\u1ea1ng h\u00f4n nh\u00e2n, v.v s\u1ebd \u0111\u01b0\u1ee3c th\u1ef1c hi\u1ec7n m\u1ed9t c\u00e1ch nghi\u00eam ng\u1eb7t. M\u1ecdi ho\u1ea1t \u0111\u1ed9ng sau \u0111\u00f3 tr\u00ean h\u1ec7 th\u1ed1ng \u0111\u1ec1u \u0111\u01b0\u1ee3c gi\u00e1m s\u00e1t 24 gi\u1edd m\u1ed9t ng\u00e0y, 365 ng\u00e0y m\u1ed9t n\u0103m.<\/p>\n<p><em><strong>Nghi\u00eam t\u00fac:<\/strong><\/em><\/p>\n<p>V\u1edbi b\u1ed9 l\u1ecdc \u0111a d\u1ea1ng th\u00f4ng tin v\u00e0 thu\u1eadt to\u00e1n gh\u00e9p \u0111\u00f4i th\u00f4ng minh, b\u1ea1n s\u1ebd t\u00ecm \u0111\u01b0\u1ee3c ch\u00ednh x\u00e1c nh\u1eefng ng\u01b0\u1eddi \u0111\u1ee7 \u0111i\u1ec1u ki\u1ec7n v\u00e0 ph\u00f9 h\u1ee3p nh\u1ea5t v\u1edbi m\u00ecnh. Ymeet.me cho ph\u00e9p ng\u01b0\u1eddi d\u00f9ng kh\u00e1c gi\u1edbi g\u1eedi t\u00edn hi\u1ec7u TH\u00cdCH cho nhau, v\u00e0 ch\u1ec9 c\u00f3 th\u1ec3 tr\u00f2 chuy\u1ec7n khi c\u1ea3 hai c\u00f9ng TH\u00cdCH nhau. Nh\u1edd \u0111\u00f3, b\u1ea1n s\u1ebd kh\u00f4ng bao gi\u1edd ph\u1ea3i g\u1eb7p t\u00ecnh tr\u1ea1ng qu\u1ea5y r\u1ed1i b\u1edfi nh\u1eefng ng\u01b0\u1eddi x\u1ea5u.<\/p>\n<p><strong><em>B\u00ed m\u1eadt tuy\u1ec7t \u0111\u1ed1i:<\/em><\/strong><\/p>\n<p>B\u1ea1n kh\u00f4ng mu\u1ed1n ng\u01b0\u1eddi quen, b\u1ea1n b\u00e8 bi\u1ebft b\u1ea1n tham gia Ymeet.me? Kh\u00f4ng sao c\u1ea3, h\u1ec7 th\u1ed1ng s\u1ebd \u0111\u1ed3ng b\u1ed9 v\u1edbi t\u00e0i kho\u1ea3n Facebook c\u1ee7a b\u1ea1n, qua \u0111\u00f3 kh\u00f4ng m\u1ed9t ai trong danh s\u00e1ch b\u1ea1n b\u00e8 Facebook c\u00f3 th\u1ec3 th\u1ea5y b\u1ea1n tr\u00ean Ymeet.me.<\/p>\n<p>B\u00ean c\u1ea1nh \u0111\u00f3, t\u1ea5t c\u1ea3 th\u00f4ng tin v\u00e0 ho\u1ea1t \u0111\u1ed9ng tr\u00ean h\u1ec7 th\u1ed1ng c\u1ee7a Ymeet.me \u0111\u01b0\u1ee3c gi\u1eef b\u00ed m\u1eadt ho\u00e0n to\u00e0n. Ymeet.me cho ph\u00e9p ng\u01b0\u1eddi d\u00f9ng kh\u00f4ng hi\u1ec3n th\u1ecb t\u00ean th\u1eadt, Kh\u00f4ng hi\u1ec3n th\u1ecb b\u1ea5t k\u1ef3 th\u00f4ng tin n\u00e0o l\u00ean Facebook c\u00e1 nh\u00e2n c\u1ee7a ng\u01b0\u1eddi d\u00f9ng.<\/p>\n<p>H\u01a1n c\u1ea3 m\u1ed9t \u1ee9ng d\u1ee5ng h\u1eb9n h\u00f2, Ymeet.me ra \u0111\u1eddi t\u1eeb s\u1ef1 \u0111\u1ed3ng c\u1ea3m v\u00e0 th\u1ea5u hi\u1ec3u v\u1edbi nh\u1eefng t\u00e2m t\u01b0 c\u1ee7a ng\u01b0\u1eddi ph\u1ee5 n\u1eef trong t\u00ecnh y\u00eau. H\u00e3y tham gia \u0111\u1ec3 b\u1eaft \u0111\u1ea7u t\u00ecm ki\u1ebfm m\u1ed9t t\u00ecnh y\u00eau cho b\u1ea3n th\u00e2n m\u00ecnh nh\u00e9. Ho\u00e0n to\u00e0n mi\u1ec5n ph\u00ed \u1ea5y!<\/p>\n<blockquote><p>\u0110\u0103ng k\u00fd mi\u1ec5n ph\u00ed, l\u00e0m quen v\u1edbi 1 tri\u1ec7u th\u00e0nh vi\u00ean YmeetMe:\u00a0<strong><a href=\"https:\/\/m.ymeet.me\/?_adsrc=story-page-homepage-blog\">T\u1ea0I \u0110\u00c2Y<\/a><\/strong>! ( Ho\u1eb7c click n\u00fat \u0111\u0103ng k\u00fd b\u00ean \u0111\u01b0\u1edbi)<\/p>\n<div id=\"attachment_1073\" style=\"width: 439px\" class=\"wp-caption aligncenter\"><a href=\"https:\/\/m.ymeet.me\/?_adsrc=story-page-homepage-blog\"><img aria-describedby=\"caption-attachment-1073\" decoding=\"async\" loading=\"lazy\" class=\"wp-image-1073 size-full\" src=\"https:\/\/ymeet.me\/blog\/wp-content\/uploads\/2017\/01\/\u0110\u0103ng-k\u00fd-button.png\" alt=\"dang-ky-hen-ho-truc-tiyen-ymeet-me\" width=\"429\" height=\"84\" srcset=\"https:\/\/ymeet.me\/blog\/wp-content\/uploads\/2017\/01\/\u0110\u0103ng-k\u00fd-button.png 429w, https:\/\/ymeet.me\/blog\/wp-content\/uploads\/2017\/01\/\u0110\u0103ng-k\u00fd-button-300x59.png 300w\" sizes=\"(max-width: 429px) 100vw, 429px\" \/><\/a><p id=\"caption-attachment-1073\" class=\"wp-caption-text\">\u0110\u0103ng k\u00fd h\u1eb9n h\u00f2 online c\u00f9ng Ymeet.me<\/p><\/div><\/blockquote>\n<p>Ho\u1eb7c T\u1ea2I APP:\u00a0<strong><a href=\"https:\/\/gr2d7.app.goo.gl\/blogcontent\">Android<\/a><\/strong>\u00a0ho\u1eb7c\u00a0<strong><a href=\"https:\/\/itunes.apple.com\/vn\/app\/ymeet-me-app-h\u1eb9n-h\u00f2-k\u1ebft-b\u1ea1n\/id1280333225?pt=118256684&amp;ct=blogcontent&amp;mt=8\">iOS<\/a><\/strong>!<\/p>\n<p><a href=\"https:\/\/gr2d7.app.goo.gl\/blogcontent\"><img decoding=\"async\" loading=\"lazy\" class=\"alignleft wp-image-2388\" src=\"https:\/\/ymeet.me\/blog\/wp-content\/uploads\/2017\/09\/Google-play.jpg\" alt=\"app-google-play-ymeetme\" width=\"350\" height=\"104\" \/><\/a><a href=\"https:\/\/itunes.apple.com\/vn\/app\/ymeet-me-app-h\u1eb9n-h\u00f2-k\u1ebft-b\u1ea1n\/id1280333225?pt=118256684&amp;ct=blogcontent&amp;mt=8\"><img decoding=\"async\" loading=\"lazy\" class=\"aligncenter wp-image-2387\" src=\"https:\/\/ymeet.me\/blog\/wp-content\/uploads\/2017\/09\/app-store.jpg\" alt=\"app-store-ymeetme\" width=\"350\" height=\"104\" \/><\/a><\/p>\n","protected":false},"excerpt":{"rendered":"<p>H\u00e0 N\u1ed9i, ng\u00e0y 11 th\u00e1ng 11 N\u1ebfu b\u1ea1n \u0111ang \u0111\u1ecdc nh\u1eefng d\u00f2ng t\u00e2m s\u1ef1 n\u00e0y th\u00ec ch\u1eafc h\u1eb3n c\u00e2u chuy\u1ec7n m\u00e0 t\u00f4i k\u1ec3 sau \u0111\u00e2y s\u1ebd khi\u1ebfn b\u1ea1n l\u01b0u t\u00e2m. V\u00ec \u0111\u01a1n gi\u1ea3n \u0111\u00e2y l\u00e0 m\u1ed9t c\u00e2u chuy\u1ec7n c\u00f3 th\u1eadt&#8230;<\/p>\n","protected":false},"author":1,"featured_media":5755,"parent":0,"menu_order":0,"comment_status":"closed","ping_status":"closed","template":"","meta":{"amp_status":""},"_links":{"self":[{"href":"https:\/\/ymeet.me\/blog\/wp-json\/wp\/v2\/pages\/1799"}],"collection":[{"href":"https:\/\/ymeet.me\/blog\/wp-json\/wp\/v2\/pages"}],"about":[{"href":"https:\/\/ymeet.me\/blog\/wp-json\/wp\/v2\/types\/page"}],"author":[{"embeddable":true,"href":"https:\/\/ymeet.me\/blog\/wp-json\/wp\/v2\/users\/1"}],"replies":[{"embeddable":true,"href":"https:\/\/ymeet.me\/blog\/wp-json\/wp\/v2\/comments?post=1799"}],"version-history":[{"count":3,"href":"https:\/\/ymeet.me\/blog\/wp-json\/wp\/v2\/pages\/1799\/revisions"}],"predecessor-version":[{"id":5864,"href":"https:\/\/ymeet.me\/blog\/wp-json\/wp\/v2\/pages\/1799\/revisions\/5864"}],"wp:featuredmedia":[{"embeddable":true,"href":"https:\/\/ymeet.me\/blog\/wp-json\/wp\/v2\/media\/5755"}],"wp:attachment":[{"href":"https:\/\/ymeet.me\/blog\/wp-json\/wp\/v2\/media?parent=1799"}],"curies":[{"name":"wp","href":"https:\/\/api.w.org\/{rel}","templated":true}]}}